{"id":2,"date":"2016-01-15T23:02:36","date_gmt":"2016-01-15T23:02:36","guid":{"rendered":"http:\/\/aburzaera.es\/?page_id=2"},"modified":"2016-01-19T18:43:12","modified_gmt":"2016-01-19T18:43:12","slug":"about","status":"publish","type":"page","link":"https:\/\/aburzaera.bluesnbrews.es\/?page_id=2","title":{"rendered":"Acerca de"},"content":{"rendered":"<p>Este blog es cortes\u00eda de Antonio Manuel Mart\u00ednez Hern\u00e1ndez qui\u00e9n, con su inquietud hacia todo lo murciano, ha hecho tangible lo que en principio fue una idea.<\/p>\n<p>Gracias Antonio.<\/p>\n<p>Correos de contacto:<\/p>\n<ul>\n<li>antonio@aburzaera.es<\/li>\n<li>miguel@aburzaera.es<\/li>\n<\/ul>\n","protected":false},"excerpt":{"rendered":"<p>Este blog es cortes\u00eda de Antonio Manuel Mart\u00ednez Hern\u00e1ndez qui\u00e9n, con su inquietud hacia todo lo murciano, ha hecho tangible lo que en principio fue una idea. Gracias Antonio. Correos de contacto: antonio@aburzaera.es miguel@aburzaera.es<\/p>\n<p> <a class=\"continue-reading-link\" href=\"https:\/\/aburzaera.bluesnbrews.es\/?page_id=2\"><span>Continue reading<\/span><i class=\"crycon-right-dir\"><\/i><\/a> <\/p>\n","protected":false},"author":1,"featured_media":0,"parent":0,"menu_order":0,"comment_status":"open","ping_status":"open","template":"","meta":{"footnotes":""},"class_list":["post-2","page","type-page","status-publish","hentry"],"_links":{"self":[{"href":"https:\/\/aburzaera.bluesnbrews.es\/index.php?rest_route=\/wp\/v2\/pages\/2","targetHints":{"allow":["GET"]}}],"collection":[{"href":"https:\/\/aburzaera.bluesnbrews.es\/index.php?rest_route=\/wp\/v2\/pages"}],"about":[{"href":"https:\/\/aburzaera.bluesnbrews.es\/index.php?rest_route=\/wp\/v2\/types\/page"}],"author":[{"embeddable":true,"href":"https:\/\/aburzaera.bluesnbrews.es\/index.php?rest_route=\/wp\/v2\/users\/1"}],"replies":[{"embeddable":true,"href":"https:\/\/aburzaera.bluesnbrews.es\/index.php?rest_route=%2Fwp%2Fv2%2Fcomments&post=2"}],"version-history":[{"count":4,"href":"https:\/\/aburzaera.bluesnbrews.es\/index.php?rest_route=\/wp\/v2\/pages\/2\/revisions"}],"predecessor-version":[{"id":40,"href":"https:\/\/aburzaera.bluesnbrews.es\/index.php?rest_route=\/wp\/v2\/pages\/2\/revisions\/40"}],"wp:attachment":[{"href":"https:\/\/aburzaera.bluesnbrews.es\/index.php?rest_route=%2Fwp%2Fv2%2Fmedia&parent=2"}],"curies":[{"name":"wp","href":"https:\/\/api.w.org\/{rel}","templated":true}]}}